{"id":94131,"date":"2020-11-04T18:55:12","date_gmt":"2020-11-04T18:55:12","guid":{"rendered":"https:\/\/www.listik.cz\/contact\/"},"modified":"2024-11-11T15:00:16","modified_gmt":"2024-11-11T15:00:16","slug":"contact","status":"publish","type":"page","link":"https:\/\/www.listik.cz\/fr\/contact\/","title":{"rendered":"Contact"},"content":{"rendered":"\t\t<div data-elementor-type=\"wp-page\" data-elementor-id=\"94131\" class=\"elementor elementor-94131 elementor-7532\" data-elementor-post-type=\"page\">\n\t\t\t\t\t\t<section class=\"elementor-section elementor-top-section elementor-element elementor-element-4f6659e elementor-reverse-tablet elementor-reverse-mobile elementor-section-height-min-height elementor-section-items-stretch elementor-section-boxed elementor-section-height-default\" data-id=\"4f6659e\" data-element_type=\"section\" data-e-type=\"section\" data-settings=\"{&quot;background_background&quot;:&quot;gradient&quot;}\">\n\t\t\t\t\t\t\t<div class=\"elementor-background-overlay\"><\/div>\n\t\t\t\t\t\t\t<div class=\"elementor-container elementor-column-gap-wider\">\n\t\t\t\t\t<div class=\"elementor-column elementor-col-100 elementor-top-column elementor-element elementor-element-0ef9c24\" data-id=\"0ef9c24\" data-element_type=\"column\" data-e-type=\"column\">\n\t\t\t<div class=\"elementor-widget-wrap elementor-element-populated\">\n\t\t\t\t\t\t<div class=\"elementor-element elementor-element-75a700b elementor-widget elementor-widget-the7-heading\" data-id=\"75a700b\" data-element_type=\"widget\" data-e-type=\"widget\" data-widget_type=\"the7-heading.default\">\n\t\t\t\t<div class=\"elementor-widget-container\">\n\t\t\t\t\t<h2 class=\"the7-heading-title elementor-size-default\">Contact<\/h2>\t\t\t\t<\/div>\n\t\t\t\t<\/div>\n\t\t\t\t\t<\/div>\n\t\t<\/div>\n\t\t\t\t\t<\/div>\n\t\t<\/section>\n\t\t\t\t<section class=\"elementor-section elementor-top-section elementor-element elementor-element-35beee3 elementor-section-boxed elementor-section-height-default elementor-section-height-default\" data-id=\"35beee3\" data-element_type=\"section\" data-e-type=\"section\">\n\t\t\t\t\t\t<div class=\"elementor-container elementor-column-gap-wider\">\n\t\t\t\t\t<div class=\"elementor-column elementor-col-33 elementor-top-column elementor-element elementor-element-86efb17\" data-id=\"86efb17\" data-element_type=\"column\" data-e-type=\"column\">\n\t\t\t<div class=\"elementor-widget-wrap elementor-element-populated\">\n\t\t\t\t\t\t<div class=\"elementor-element elementor-element-b043cc0 icon-position-mobile-top icon-position-top content-align-center icon-vertical-align-center icon-box-vertical-align-top elementor-widget elementor-widget-the7_icon_box_widget\" data-id=\"b043cc0\" data-element_type=\"widget\" data-e-type=\"widget\" data-widget_type=\"the7_icon_box_widget.default\">\n\t\t\t\t<div class=\"elementor-widget-container\">\n\t\t\t\t\t\n\t\t<div class=\"the7-box-wrapper the7-elementor-widget the7_icon_box_widget-b043cc0\">\t\t\t<div class=\"box-content-wrapper\">\n\t\t\t\t\t\t\t\t\t<a class=\"elementor-icon-div\" >\t\t\t\t\t\t<div class=\"elementor-icon\">\n\t\t\t\t\t\t\t<svg xmlns=\"http:\/\/www.w3.org\/2000\/svg\" id=\"Layer_1\" data-name=\"Layer 1\" viewBox=\"0 0 24 24\" stroke-width=\"1.5\" width=\"100\" height=\"100\"><defs><style>.cls-637a50fc15c575900940066f-1{fill:none;stroke:currentColor;stroke-miterlimit:10;}<\/style><\/defs><path class=\"cls-637a50fc15c575900940066f-1\" d=\"M3.41,11H5.32a0,0,0,0,1,0,0v7.64a0,0,0,0,1,0,0H3.41A1.91,1.91,0,0,1,1.5,16.77V13A1.91,1.91,0,0,1,3.41,11Z\"><\/path><path class=\"cls-637a50fc15c575900940066f-1\" d=\"M18.68,11h1.91A1.91,1.91,0,0,1,22.5,13v3.82a1.91,1.91,0,0,1-1.91,1.91H18.68a0,0,0,0,1,0,0V11A0,0,0,0,1,18.68,11Z\"><\/path><path class=\"cls-637a50fc15c575900940066f-1\" d=\"M19.64,18.68h0a3.82,3.82,0,0,1-3.82,3.82H12\"><\/path><path class=\"cls-637a50fc15c575900940066f-1\" d=\"M4.36,11.05V9.14A7.64,7.64,0,0,1,12,1.5h0a7.64,7.64,0,0,1,7.64,7.64v1.91\"><\/path><\/svg>\t\t\t\t\t\t<\/div>\n\t\t\t\t\t<\/a>\t\t\t\t\t\t\t\t<div class=\"box-content\">\n\t\t\t\t\t\t\t\t\t\t\t\t\t\t\t\t\t<h4 class=\"box-heading\">\n\t\t\t\t\t\t\t<a >\t\t\t\t\t\t\t\t+420 775 280 582\t\t\t\t\t\t\t<\/a>\t\t\t\t\t\t<\/h4>\n\t\t\t\t\t\t\t\t\t\t\t\t\t\t\t\t<div class=\"box-description\">Nous sommes \u00e0 votre disposition du lundi au vendredi de 9h00 \u00e0 17h00.  <\/div>\n\t\t\t\t\t\n\t\t\t\t\t\n\t\t\t\t<\/div>\n\t\t\t<\/div>\n\t\t<\/div>\t\t\t\t\t<\/div>\n\t\t\t\t<\/div>\n\t\t\t\t\t<\/div>\n\t\t<\/div>\n\t\t\t\t<div class=\"elementor-column elementor-col-33 elementor-top-column elementor-element elementor-element-d30f95c\" data-id=\"d30f95c\" data-element_type=\"column\" data-e-type=\"column\">\n\t\t\t<div class=\"elementor-widget-wrap elementor-element-populated\">\n\t\t\t\t\t\t<div class=\"elementor-element elementor-element-608af40 icon-position-mobile-top icon-position-top content-align-center icon-vertical-align-center icon-box-vertical-align-top elementor-widget elementor-widget-the7_icon_box_widget\" data-id=\"608af40\" data-element_type=\"widget\" data-e-type=\"widget\" data-widget_type=\"the7_icon_box_widget.default\">\n\t\t\t\t<div class=\"elementor-widget-container\">\n\t\t\t\t\t\n\t\t<div class=\"the7-box-wrapper the7-elementor-widget the7_icon_box_widget-608af40\">\t\t\t<div class=\"box-content-wrapper\">\n\t\t\t\t\t\t\t\t\t<a class=\"elementor-icon-div\" >\t\t\t\t\t\t<div class=\"elementor-icon\">\n\t\t\t\t\t\t\t<svg xmlns=\"http:\/\/www.w3.org\/2000\/svg\" id=\"Layer_1\" data-name=\"Layer 1\" viewBox=\"0 0 24 24\" stroke-width=\"1.5\" width=\"100\" height=\"100\"><defs><style>.cls-637b8512f95e86b59c57a115-1{fill:none;stroke:currentColor;stroke-miterlimit:10;}<\/style><\/defs><circle class=\"cls-637b8512f95e86b59c57a115-1\" cx=\"12\" cy=\"12\" r=\"2.86\"><\/circle><path class=\"cls-637b8512f95e86b59c57a115-1\" d=\"M14.86,8.18v6a1.67,1.67,0,0,0,1.67,1.67h0a1.64,1.64,0,0,0,1.48-.9,6.65,6.65,0,0,0,.63-3.67,6.69,6.69,0,1,0-4.23,7\"><\/path><rect class=\"cls-637b8512f95e86b59c57a115-1\" x=\"1.5\" y=\"1.5\" width=\"21\" height=\"21\" rx=\"3.82\"><\/rect><\/svg>\t\t\t\t\t\t<\/div>\n\t\t\t\t\t<\/a>\t\t\t\t\t\t\t\t<div class=\"box-content\">\n\t\t\t\t\t\t\t\t\t\t\t\t\t\t\t\t\t<h4 class=\"box-heading\">\n\t\t\t\t\t\t\t<a >\t\t\t\t\t\t\t\tmilan@listik.cz\t\t\t\t\t\t\t<\/a>\t\t\t\t\t\t<\/h4>\n\t\t\t\t\t\t\t\t\t\t\t\t\t\t\t\t<div class=\"box-description\">D\u00e9crivez votre probl\u00e8me et nous vous r\u00e9pondrons avec une premi\u00e8re solution ou des questions suppl\u00e9mentaires.<\/div>\n\t\t\t\t\t\n\t\t\t\t\t\n\t\t\t\t<\/div>\n\t\t\t<\/div>\n\t\t<\/div>\t\t\t\t\t<\/div>\n\t\t\t\t<\/div>\n\t\t\t\t\t<\/div>\n\t\t<\/div>\n\t\t\t\t<div class=\"elementor-column elementor-col-33 elementor-top-column elementor-element elementor-element-fa57cc9\" data-id=\"fa57cc9\" data-element_type=\"column\" data-e-type=\"column\">\n\t\t\t<div class=\"elementor-widget-wrap elementor-element-populated\">\n\t\t\t\t\t\t<div class=\"elementor-element elementor-element-5ff8558 icon-position-mobile-top icon-position-top content-align-center icon-vertical-align-center icon-box-vertical-align-top elementor-widget elementor-widget-the7_icon_box_widget\" data-id=\"5ff8558\" data-element_type=\"widget\" data-e-type=\"widget\" data-widget_type=\"the7_icon_box_widget.default\">\n\t\t\t\t<div class=\"elementor-widget-container\">\n\t\t\t\t\t\n\t\t<div class=\"the7-box-wrapper the7-elementor-widget the7_icon_box_widget-5ff8558\">\t\t\t<div class=\"box-content-wrapper\">\n\t\t\t\t\t\t\t\t\t<a class=\"elementor-icon-div\" >\t\t\t\t\t\t<div class=\"elementor-icon\">\n\t\t\t\t\t\t\t<svg xmlns=\"http:\/\/www.w3.org\/2000\/svg\" viewBox=\"0 0 24 24\" stroke-width=\"1.5\" width=\"100\" height=\"100\"><defs><style>.cls-6375f1aeb67f094e4896ca17-1,.cls-6375f1aeb67f094e4896ca17-2{fill:none;stroke:currentColor;stroke-miterlimit:10;}.cls-6375f1aeb67f094e4896ca17-2{stroke-linecap:square;}<\/style><\/defs><g id=\"office\"><line class=\"cls-6375f1aeb67f094e4896ca17-1\" x1=\"11.04\" y1=\"14.88\" x2=\"12.96\" y2=\"14.88\"><\/line><line class=\"cls-6375f1aeb67f094e4896ca17-1\" x1=\"11.04\" y1=\"11.04\" x2=\"12.96\" y2=\"11.04\"><\/line><line class=\"cls-6375f1aeb67f094e4896ca17-1\" x1=\"11.04\" y1=\"7.21\" x2=\"12.96\" y2=\"7.21\"><\/line><line class=\"cls-6375f1aeb67f094e4896ca17-1\" x1=\"7.21\" y1=\"14.88\" x2=\"9.13\" y2=\"14.88\"><\/line><line class=\"cls-6375f1aeb67f094e4896ca17-1\" x1=\"7.21\" y1=\"11.04\" x2=\"9.13\" y2=\"11.04\"><\/line><line class=\"cls-6375f1aeb67f094e4896ca17-1\" x1=\"7.21\" y1=\"7.21\" x2=\"9.13\" y2=\"7.21\"><\/line><line class=\"cls-6375f1aeb67f094e4896ca17-1\" x1=\"14.88\" y1=\"14.88\" x2=\"16.79\" y2=\"14.88\"><\/line><line class=\"cls-6375f1aeb67f094e4896ca17-1\" x1=\"14.88\" y1=\"11.04\" x2=\"16.79\" y2=\"11.04\"><\/line><line class=\"cls-6375f1aeb67f094e4896ca17-1\" x1=\"14.88\" y1=\"7.21\" x2=\"16.79\" y2=\"7.21\"><\/line><rect class=\"cls-6375f1aeb67f094e4896ca17-2\" x=\"9.13\" y=\"18.71\" width=\"5.75\" height=\"3.83\"><\/rect><line class=\"cls-6375f1aeb67f094e4896ca17-1\" x1=\"23.5\" y1=\"22.54\" x2=\"0.5\" y2=\"22.54\"><\/line><polygon class=\"cls-6375f1aeb67f094e4896ca17-2\" points=\"16.79 3.38 16.79 1.46 7.21 1.46 7.21 3.38 4.33 3.38 4.33 22.54 19.67 22.54 19.67 3.38 16.79 3.38\"><\/polygon><\/g><\/svg>\t\t\t\t\t\t<\/div>\n\t\t\t\t\t<\/a>\t\t\t\t\t\t\t\t<div class=\"box-content\">\n\t\t\t\t\t\t\t\t\t\t\t\t\t\t\t\t\t<h4 class=\"box-heading\">\n\t\t\t\t\t\t\t<a >\t\t\t\t\t\t\t\t Internacion\u00e1ln\u00ed 1225\/19, 16500, Prague\t\t\t\t\t\t\t<\/a>\t\t\t\t\t\t<\/h4>\n\t\t\t\t\t\t\t\t\t\t\t\t\t\t\t\t<div class=\"box-description\">Notre bureau principal<\/div>\n\t\t\t\t\t\n\t\t\t\t\t\n\t\t\t\t<\/div>\n\t\t\t<\/div>\n\t\t<\/div>\t\t\t\t\t<\/div>\n\t\t\t\t<\/div>\n\t\t\t\t\t<\/div>\n\t\t<\/div>\n\t\t\t\t\t<\/div>\n\t\t<\/section>\n\t\t<div class=\"elementor-element elementor-element-61fd99f e-flex e-con-boxed e-con e-parent\" data-id=\"61fd99f\" data-element_type=\"container\" data-e-type=\"container\">\n\t\t\t\t\t<div class=\"e-con-inner\">\n\t\t\t\t<div class=\"elementor-element elementor-element-37bbff5 elementor-widget elementor-widget-google_maps\" data-id=\"37bbff5\" data-element_type=\"widget\" data-e-type=\"widget\" data-widget_type=\"google_maps.default\">\n\t\t\t\t<div class=\"elementor-widget-container\">\n\t\t\t\t\t\t\t<div class=\"elementor-custom-embed\">\n\t\t\t<iframe loading=\"lazy\"\n\t\t\t\t\tsrc=\"https:\/\/maps.google.com\/maps?q=Internacion%C3%A1ln%C3%AD%201225%2F19&#038;t=m&#038;z=13&#038;output=embed&#038;iwloc=near\"\n\t\t\t\t\ttitle=\"Internacion\u00e1ln\u00ed 1225\/19\"\n\t\t\t\t\taria-label=\"Internacion\u00e1ln\u00ed 1225\/19\"\n\t\t\t><\/iframe>\n\t\t<\/div>\n\t\t\t\t\t\t<\/div>\n\t\t\t\t<\/div>\n\t\t\t\t\t<\/div>\n\t\t\t\t<\/div>\n\t\t\t\t<\/div>\n\t\t","protected":false},"excerpt":{"rendered":"<p>Contact +420 775 280 582 Nous sommes \u00e0 votre disposition du lundi au vendredi de 9h00 \u00e0 17h00. milan@listik.cz D\u00e9crivez votre probl\u00e8me et nous vous r\u00e9pondrons avec une premi\u00e8re solution ou des questions suppl\u00e9mentaires. Internacion\u00e1ln\u00ed 1225\/19, 16500, Prague Notre bureau principal<\/p>\n","protected":false},"author":1,"featured_media":0,"parent":0,"menu_order":279,"comment_status":"closed","ping_status":"closed","template":"elementor_header_footer","meta":{"footnotes":""},"class_list":["post-94131","page","type-page","status-publish","hentry"],"_links":{"self":[{"href":"https:\/\/www.listik.cz\/fr\/wp-json\/wp\/v2\/pages\/94131","targetHints":{"allow":["GET"]}}],"collection":[{"href":"https:\/\/www.listik.cz\/fr\/wp-json\/wp\/v2\/pages"}],"about":[{"href":"https:\/\/www.listik.cz\/fr\/wp-json\/wp\/v2\/types\/page"}],"author":[{"embeddable":true,"href":"https:\/\/www.listik.cz\/fr\/wp-json\/wp\/v2\/users\/1"}],"replies":[{"embeddable":true,"href":"https:\/\/www.listik.cz\/fr\/wp-json\/wp\/v2\/comments?post=94131"}],"version-history":[{"count":4,"href":"https:\/\/www.listik.cz\/fr\/wp-json\/wp\/v2\/pages\/94131\/revisions"}],"predecessor-version":[{"id":94144,"href":"https:\/\/www.listik.cz\/fr\/wp-json\/wp\/v2\/pages\/94131\/revisions\/94144"}],"wp:attachment":[{"href":"https:\/\/www.listik.cz\/fr\/wp-json\/wp\/v2\/media?parent=94131"}],"curies":[{"name":"wp","href":"https:\/\/api.w.org\/{rel}","templated":true}]}}